{"id":18,"date":"2020-12-14T02:35:28","date_gmt":"2020-12-14T02:35:28","guid":{"rendered":"http:\/\/sw-themes.com\/porto_dummy\/?page_id=18"},"modified":"2021-12-29T08:30:05","modified_gmt":"2021-12-29T08:30:05","slug":"contact","status":"publish","type":"page","link":"https:\/\/armadasesisik.com\/en\/contact\/","title":{"rendered":"Contact"},"content":{"rendered":"<p>[vc_row wrap_container=&#8221;yes&#8221; el_class=&#8221;spacer py-4 my-5&#8243;][vc_column][\/vc_column][\/vc_row][vc_row wrap_container=&#8221;yes&#8221; el_class=&#8221;custom-page-wrapper container-lg-custom pt-5 pb-5 mb-5&#8243;][vc_column el_class=&#8221;col-lg-6 contact-desc&#8221;]<div class=\"porto-ultimate-content-box-container position-absolute z-index-0 background-text\" data-appear-animation=\"fadeInRight\" data-appear-animation-delay=\"3000\"><style>#porto_ucb_5494{will-change: box-shadow;box-shadow: none;}<\/style><div class=\"porto-ultimate-content-box has-content-pos justify-content-center\" style=\"\" id=\"porto_ucb_5494\">[vc_custom_heading text=&#8221;YOUR PLACE&#8221; font_container=&#8221;tag:h2|font_size:9.2rem|text_align:left|color:%23212529|line_height:42px&#8221; use_theme_fonts=&#8221;yes&#8221; font_weight=&#8221;900&#8243; letter_spacing=&#8221;-.05em&#8221; animation_delay=&#8221;&#8221; el_class=&#8221;custom-stroke-text-effect-1 opacity-1 mb-0&#8243;]<\/div><\/div>[vc_custom_heading text=&#8221;HOW CAN WE HELP YOU?&#8221; font_container=&#8221;tag:h2|font_size:1.2em|text_align:left|color:%23777777|line_height:1.3&#8243; use_theme_fonts=&#8221;yes&#8221; font_weight=&#8221;300&#8243; letter_spacing=&#8221;2.5px&#8221; animation_delay=&#8221;1500&#8243; el_class=&#8221;mb-2&#8243; animation_type=&#8221;fadeInUp&#8221;][vc_custom_heading text=&#8221;Let create your project together&#8221; font_container=&#8221;tag:h3|font_size:2.75em|text_align:left|color:%23212529|line_height:1.2&#8243; use_theme_fonts=&#8221;yes&#8221; font_weight=&#8221;900&#8243; letter_spacing=&#8221;-.05em&#8221; animation_delay=&#8221;1700&#8243; el_class=&#8221;mb-4&#8243; animation_type=&#8221;fadeInUp&#8221;][vc_single_image image=&#8221;151&#8243; img_size=&#8221;full&#8221; animation_delay=&#8221;1900&#8243; el_class=&#8221;divider-img pt-2 mb-0&#8243; css=&#8221;.vc_custom_1609033874219{padding-bottom: 13px !important;}&#8221; animation_type=&#8221;fadeInUp&#8221;][vc_row_inner][vc_column_inner el_class=&#8221;col-lg-4&#8243; animation_delay=&#8221;2500&#8243; animation_type=&#8221;fadeInUp&#8221;]<div class=\"porto-u-heading mb-4 call  wpb_custom_95aa9a11c17ad45cfabaf210d84ee7cc\" data-hspacer=\"no_spacer\" data-halign=\"left\" style=\"text-align:left\"><div class=\"porto-u-main-heading\"><div   style=\"font-weight:700;color:#212529;font-size:1.1em;line-height:1.3;letter-spacing:-.05em;\">Phone<\/div><\/div><div class=\"porto-u-sub-heading\" style=\"font-weight:400;color: #777777;font-size:14px;line-height:26px;\"><a href=\"tel:+902122959730\">(0212) 295 97 30<\/a><\/div><\/div>[\/vc_column_inner][vc_column_inner el_class=&#8221;col-lg-4&#8243; animation_delay=&#8221;2700&#8243; animation_type=&#8221;fadeInUp&#8221;]<div class=\"porto-u-heading mt-4 mt-lg-0 mb-4  wpb_custom_95aa9a11c17ad45cfabaf210d84ee7cc\" data-hspacer=\"no_spacer\" data-halign=\"left\" style=\"text-align:left\"><div class=\"porto-u-main-heading\"><div   style=\"font-weight:700;color:#212529;font-size:1.1em;line-height:1.3;letter-spacing:-.05em;\">Adress<\/div><\/div><div class=\"porto-u-sub-heading\" style=\"font-weight:400;color: #777777;font-size:14px;line-height:26px;\">\n<p class=\"mb-0\">Seyrantepe Mah, Narin Sk.<br \/>\nNo:23\/A, 34418 K\u00e2\u011f\u0131thane\/\u0130stanbul<\/p>\n<p><\/div><\/div><div class=\"porto-u-heading call  wpb_custom_95aa9a11c17ad45cfabaf210d84ee7cc\" data-hspacer=\"no_spacer\" data-halign=\"left\" style=\"text-align:left\"><div class=\"porto-u-main-heading\"><div   style=\"font-weight:700;color:#212529;font-size:1.1em;line-height:1.3;letter-spacing:-.05em;\">E-Mail<\/div><\/div><div class=\"porto-u-sub-heading\" style=\"font-weight:400;color: #777777;font-size:14px;line-height:26px;\"><a href=\"mailto:info@armadasesisik.com\">info@armadasesisik.com<\/a><\/div><\/div>[\/vc_column_inner][vc_column_inner el_class=&#8221;col-lg-4&#8243; animation_delay=&#8221;2900&#8243; animation_type=&#8221;fadeInUp&#8221;]<div class=\"porto-u-heading mt-4 mt-lg-0  wpb_custom_95aa9a11c17ad45cfabaf210d84ee7cc\" data-hspacer=\"no_spacer\" data-halign=\"left\" style=\"text-align:left\"><div class=\"porto-u-main-heading\"><div   style=\"font-weight:700;color:#212529;font-size:1.1em;line-height:1.3;letter-spacing:-.05em;\">Working Hours<\/div><\/div><div class=\"porto-u-sub-heading\" style=\"font-weight:400;color: #777777;font-size:14px;line-height:26px;\">\n<p class=\"mb-0\">Pazartesi &#8211; Cumartesi 9:00 &#8211; 18:00<br \/>\nPazar &#8211; Tatil<\/p>\n<p><\/div><\/div>[\/vc_column_inner][\/vc_row_inner][\/vc_column][vc_column el_class=&#8221;col-lg-6&#8243;][vc_custom_heading text=&#8221;Send a Message&#8221; font_container=&#8221;tag:h3|font_size:2em|text_align:left|color:%23212529|line_height:1.2&#8243; use_theme_fonts=&#8221;yes&#8221; font_weight=&#8221;900&#8243; letter_spacing=&#8221;-0.05em&#8221; animation_delay=&#8221;2600&#8243; el_class=&#8221;mt-4 mb-4 pt-3&#8243; animation_type=&#8221;fadeInUp&#8221;]<div class=\"porto-ultimate-content-box-container custom-contact-form-style mb-0\" data-appear-animation=\"fadeInUp\" data-appear-animation-delay=\"2800\"><style>#porto_ucb_5795{will-change: box-shadow;box-shadow: none;}<\/style><div class=\"porto-ultimate-content-box has-content-pos justify-content-center\" style=\"\" id=\"porto_ucb_5795\"><div role=\"form\" class=\"wpcf7\" id=\"wpcf7-f652-o1\" lang=\"en-US\" dir=\"ltr\">\n<div class=\"screen-reader-response\"><p role=\"status\" aria-live=\"polite\" aria-atomic=\"true\"><\/p> <ul><\/ul><\/div>\n<form action=\"\/en\/wp-json\/wp\/v2\/pages\/18#wpcf7-f652-o1\" method=\"post\" class=\"wpcf7-form init\" novalidate=\"novalidate\" data-status=\"init\">\n<div style=\"display: none;\">\n<input type=\"hidden\" name=\"_wpcf7\" value=\"652\" \/>\n<input type=\"hidden\" name=\"_wpcf7_version\" value=\"5.5.3\" \/>\n<input type=\"hidden\" name=\"_wpcf7_locale\" value=\"en_US\" \/>\n<input type=\"hidden\" name=\"_wpcf7_unit_tag\" value=\"wpcf7-f652-o1\" \/>\n<input type=\"hidden\" name=\"_wpcf7_container_post\" value=\"0\" \/>\n<input type=\"hidden\" name=\"_wpcf7_posted_data_hash\" value=\"\" \/>\n<\/div>\n<p><span class=\"wpcf7-form-control-wrap username\"><input type=\"text\" name=\"username\" value=\"\" size=\"40\" class=\"wpcf7-form-control wpcf7-text wpcf7-validates-as-required form-control mb-3\" aria-required=\"true\" aria-invalid=\"false\" placeholder=\"Name-Surname *\" \/><\/span><span class=\"wpcf7-form-control-wrap email-721\"><input type=\"email\" name=\"email-721\" value=\"\" size=\"40\" class=\"wpcf7-form-control wpcf7-text wpcf7-email wpcf7-validates-as-required wpcf7-validates-as-email form-control mb-3\" aria-required=\"true\" aria-invalid=\"false\" placeholder=\"E-mail*\" \/><\/span><span class=\"wpcf7-form-control-wrap phonenumber\"><input type=\"text\" name=\"phonenumber\" value=\"\" size=\"40\" class=\"wpcf7-form-control wpcf7-text wpcf7-validates-as-required form-control mb-3\" aria-required=\"true\" aria-invalid=\"false\" placeholder=\"Phone *\" \/><\/span><span class=\"wpcf7-form-control-wrap textarea-809\"><textarea name=\"textarea-809\" cols=\"40\" rows=\"10\" class=\"wpcf7-form-control wpcf7-textarea wpcf7-validates-as-required form-control mb-4\" aria-required=\"true\" aria-invalid=\"false\" placeholder=\"Your message *\"><\/textarea><\/span><button type=\"submit\" class=\"btn btn-primary custom-btn-style-1 px-5 py-3\">SUBMIT<\/button><\/p>\n<div class=\"wpcf7-response-output\" aria-hidden=\"true\"><\/div><\/form><\/div><\/div><\/div>[\/vc_column][\/vc_row][vc_row el_class=&#8221;mb-0&#8243; css=&#8221;.vc_custom_1608749568566{margin-top: 50px !important;}&#8221;][vc_column el_class=&#8221;position-relative&#8221;][vc_column_text]<iframe loading=\"lazy\" style=\"border: 0;\" src=\"https:\/\/www.google.com\/maps\/embed?pb=!1m18!1m12!1m3!1d3006.5845977247527!2d28.982782314786608!3d41.09992202173025!2m3!1f0!2f0!3f0!3m2!1i1024!2i768!4f13.1!3m3!1m2!1s0x14cab75adce80c87%3A0x94394f28ea82a4cc!2zQXJtYWRhIFNlcyBJxZ_EsWsgR8O2csO8bnTDvCBTaXN0ZW1sZXJp!5e0!3m2!1str!2str!4v1636195510295!5m2!1str!2str\" width=\"100%\" height=\"450\" allowfullscreen=\"allowfullscreen\"><\/iframe>[\/vc_column_text][\/vc_column][\/vc_row]<\/p>\n","protected":false},"excerpt":{"rendered":"<p>[vc_row wrap_container=&#8221;yes&#8221; el_class=&#8221;spacer py-4 my-5&#8243;][vc_column][\/vc_column][\/vc_row][vc_row wrap_container=&#8221;yes&#8221; el_class=&#8221;custom-page-wrapper container-lg-custom pt-5 pb-5 mb-5&#8243;][vc_column el_class=&#8221;col-lg-6 contact-desc&#8221;][vc_custom_heading text=&#8221;HOW CAN WE HELP YOU?&#8221; font_container=&#8221;tag:h2|font_size:1.2em|text_align:left|color:%23777777|line_height:1.3&#8243; use_theme_fonts=&#8221;yes&#8221; font_weight=&#8221;300&#8243; letter_spacing=&#8221;2.5px&#8221; animation_delay=&#8221;1500&#8243; el_class=&#8221;mb-2&#8243; animation_type=&#8221;fadeInUp&#8221;][vc_custom_heading text=&#8221;Let create your project together&#8221; font_container=&#8221;tag:h3|font_size:2.75em|text_align:left|color:%23212529|line_height:1.2&#8243; use_theme_fonts=&#8221;yes&#8221; font_weight=&#8221;900&#8243; letter_spacing=&#8221;-.05em&#8221; animation_delay=&#8221;1700&#8243; el_class=&#8221;mb-4&#8243; animation_type=&#8221;fadeInUp&#8221;][vc_single_image image=&#8221;151&#8243; img_size=&#8221;full&#8221; animation_delay=&#8221;1900&#8243; el_class=&#8221;divider-img pt-2 mb-0&#8243; css=&#8221;.vc_custom_1609033874219{padding-bottom: 13px !important;}&#8221; animation_type=&#8221;fadeInUp&#8221;][vc_row_inner][vc_column_inner el_class=&#8221;col-lg-4&#8243; animation_delay=&#8221;2500&#8243; animation_type=&#8221;fadeInUp&#8221;][\/vc_column_inner][vc_column_inner el_class=&#8221;col-lg-4&#8243; animation_delay=&#8221;2700&#8243; animation_type=&#8221;fadeInUp&#8221;][\/vc_column_inner][vc_column_inner el_class=&#8221;col-lg-4&#8243; animation_delay=&#8221;2900&#8243; [&hellip;]<\/p>\n","protected":false},"author":1,"featured_media":0,"parent":0,"menu_order":0,"comment_status":"closed","ping_status":"closed","template":"","meta":{"footnotes":""},"class_list":["post-18","page","type-page","status-publish","hentry"],"_links":{"self":[{"href":"https:\/\/armadasesisik.com\/en\/wp-json\/wp\/v2\/pages\/18","targetHints":{"allow":["GET"]}}],"collection":[{"href":"https:\/\/armadasesisik.com\/en\/wp-json\/wp\/v2\/pages"}],"about":[{"href":"https:\/\/armadasesisik.com\/en\/wp-json\/wp\/v2\/types\/page"}],"author":[{"embeddable":true,"href":"https:\/\/armadasesisik.com\/en\/wp-json\/wp\/v2\/users\/1"}],"replies":[{"embeddable":true,"href":"https:\/\/armadasesisik.com\/en\/wp-json\/wp\/v2\/comments?post=18"}],"version-history":[{"count":6,"href":"https:\/\/armadasesisik.com\/en\/wp-json\/wp\/v2\/pages\/18\/revisions"}],"predecessor-version":[{"id":1494,"href":"https:\/\/armadasesisik.com\/en\/wp-json\/wp\/v2\/pages\/18\/revisions\/1494"}],"wp:attachment":[{"href":"https:\/\/armadasesisik.com\/en\/wp-json\/wp\/v2\/media?parent=18"}],"curies":[{"name":"wp","href":"https:\/\/api.w.org\/{rel}","templated":true}]}}